{"id":79,"date":"2024-05-15T01:46:20","date_gmt":"2024-05-14T23:46:20","guid":{"rendered":"https:\/\/wiseconsultingltd.com\/home\/"},"modified":"2024-07-01T12:30:02","modified_gmt":"2024-07-01T10:30:02","slug":"home","status":"publish","type":"page","link":"http:\/\/wiseconsultingltd.com\/de\/","title":{"rendered":"Home"},"content":{"rendered":"","protected":false},"excerpt":{"rendered":"","protected":false},"author":1,"featured_media":0,"parent":0,"menu_order":0,"comment_status":"closed","ping_status":"closed","template":"","meta":{"footnotes":""},"class_list":["post-79","page","type-page","status-publish","hentry"],"yoast_head":"<!-- This site is optimized with the Yoast SEO plugin v27.4 - https:\/\/yoast.com\/product\/yoast-seo-wordpress\/ -->\n<title>WISE<\/title>\n<meta name=\"robots\" content=\"index, follow, max-snippet:-1, max-image-preview:large, max-video-preview:-1\" \/>\n<link rel=\"canonical\" href=\"http:\/\/wiseconsultingltd.com\/de\/\" \/>\n<meta property=\"og:locale\" content=\"de_DE\" \/>\n<meta property=\"og:type\" content=\"article\" \/>\n<meta property=\"og:title\" content=\"WISE\" \/>\n<meta property=\"og:url\" content=\"http:\/\/wiseconsultingltd.com\/de\/\" \/>\n<meta property=\"og:site_name\" content=\"WISE\" \/>\n<meta property=\"article:modified_time\" content=\"2024-07-01T10:30:02+00:00\" \/>\n<meta property=\"og:image\" content=\"http:\/\/wiseconsultingltd.com\/wp-content\/uploads\/2024\/05\/wise-site-image.png\" \/>\n\t<meta property=\"og:image:width\" content=\"1200\" \/>\n\t<meta property=\"og:image:height\" content=\"675\" \/>\n\t<meta property=\"og:image:type\" content=\"image\/png\" \/>\n<meta name=\"twitter:card\" content=\"summary_large_image\" \/>\n<script type=\"application\/ld+json\" class=\"yoast-schema-graph\">{\"@context\":\"https:\\\/\\\/schema.org\",\"@graph\":[{\"@type\":\"WebPage\",\"@id\":\"http:\\\/\\\/wiseconsultingltd.com\\\/de\\\/\",\"url\":\"http:\\\/\\\/wiseconsultingltd.com\\\/de\\\/\",\"name\":\"WISE\",\"isPartOf\":{\"@id\":\"http:\\\/\\\/wiseconsultingltd.com\\\/de\\\/#website\"},\"datePublished\":\"2024-05-14T23:46:20+00:00\",\"dateModified\":\"2024-07-01T10:30:02+00:00\",\"breadcrumb\":{\"@id\":\"http:\\\/\\\/wiseconsultingltd.com\\\/de\\\/#breadcrumb\"},\"inLanguage\":\"de-DE\",\"potentialAction\":[{\"@type\":\"ReadAction\",\"target\":[\"http:\\\/\\\/wiseconsultingltd.com\\\/de\\\/\"]}]},{\"@type\":\"BreadcrumbList\",\"@id\":\"http:\\\/\\\/wiseconsultingltd.com\\\/de\\\/#breadcrumb\",\"itemListElement\":[{\"@type\":\"ListItem\",\"position\":1,\"name\":\"Startseite\",\"item\":\"http:\\\/\\\/wiseconsultingltd.com\\\/de\\\/\"},{\"@type\":\"ListItem\",\"position\":2,\"name\":\"Home\"}]},{\"@type\":\"WebSite\",\"@id\":\"http:\\\/\\\/wiseconsultingltd.com\\\/de\\\/#website\",\"url\":\"http:\\\/\\\/wiseconsultingltd.com\\\/de\\\/\",\"name\":\"WISE\",\"description\":\"WISE\",\"publisher\":{\"@id\":\"http:\\\/\\\/wiseconsultingltd.com\\\/de\\\/#organization\"},\"potentialAction\":[{\"@type\":\"SearchAction\",\"target\":{\"@type\":\"EntryPoint\",\"urlTemplate\":\"http:\\\/\\\/wiseconsultingltd.com\\\/de\\\/?s={search_term_string}\"},\"query-input\":{\"@type\":\"PropertyValueSpecification\",\"valueRequired\":true,\"valueName\":\"search_term_string\"}}],\"inLanguage\":\"de-DE\"},{\"@type\":\"Organization\",\"@id\":\"http:\\\/\\\/wiseconsultingltd.com\\\/de\\\/#organization\",\"name\":\"WISE\",\"alternateName\":\"WISE\",\"url\":\"http:\\\/\\\/wiseconsultingltd.com\\\/de\\\/\",\"logo\":{\"@type\":\"ImageObject\",\"inLanguage\":\"de-DE\",\"@id\":\"http:\\\/\\\/wiseconsultingltd.com\\\/de\\\/#\\\/schema\\\/logo\\\/image\\\/\",\"url\":\"https:\\\/\\\/wiseconsultingltd.com\\\/wp-content\\\/uploads\\\/2024\\\/05\\\/wise-organisation-logo.png\",\"contentUrl\":\"https:\\\/\\\/wiseconsultingltd.com\\\/wp-content\\\/uploads\\\/2024\\\/05\\\/wise-organisation-logo.png\",\"width\":696,\"height\":696,\"caption\":\"WISE\"},\"image\":{\"@id\":\"http:\\\/\\\/wiseconsultingltd.com\\\/de\\\/#\\\/schema\\\/logo\\\/image\\\/\"}}]}<\/script>\n<!-- \/ Yoast SEO plugin. -->","yoast_head_json":{"title":"WISE","robots":{"index":"index","follow":"follow","max-snippet":"max-snippet:-1","max-image-preview":"max-image-preview:large","max-video-preview":"max-video-preview:-1"},"canonical":"http:\/\/wiseconsultingltd.com\/de\/","og_locale":"de_DE","og_type":"article","og_title":"WISE","og_url":"http:\/\/wiseconsultingltd.com\/de\/","og_site_name":"WISE","article_modified_time":"2024-07-01T10:30:02+00:00","og_image":[{"width":1200,"height":675,"url":"http:\/\/wiseconsultingltd.com\/wp-content\/uploads\/2024\/05\/wise-site-image.png","type":"image\/png"}],"twitter_card":"summary_large_image","schema":{"@context":"https:\/\/schema.org","@graph":[{"@type":"WebPage","@id":"http:\/\/wiseconsultingltd.com\/de\/","url":"http:\/\/wiseconsultingltd.com\/de\/","name":"WISE","isPartOf":{"@id":"http:\/\/wiseconsultingltd.com\/de\/#website"},"datePublished":"2024-05-14T23:46:20+00:00","dateModified":"2024-07-01T10:30:02+00:00","breadcrumb":{"@id":"http:\/\/wiseconsultingltd.com\/de\/#breadcrumb"},"inLanguage":"de-DE","potentialAction":[{"@type":"ReadAction","target":["http:\/\/wiseconsultingltd.com\/de\/"]}]},{"@type":"BreadcrumbList","@id":"http:\/\/wiseconsultingltd.com\/de\/#breadcrumb","itemListElement":[{"@type":"ListItem","position":1,"name":"Startseite","item":"http:\/\/wiseconsultingltd.com\/de\/"},{"@type":"ListItem","position":2,"name":"Home"}]},{"@type":"WebSite","@id":"http:\/\/wiseconsultingltd.com\/de\/#website","url":"http:\/\/wiseconsultingltd.com\/de\/","name":"WISE","description":"WISE","publisher":{"@id":"http:\/\/wiseconsultingltd.com\/de\/#organization"},"potentialAction":[{"@type":"SearchAction","target":{"@type":"EntryPoint","urlTemplate":"http:\/\/wiseconsultingltd.com\/de\/?s={search_term_string}"},"query-input":{"@type":"PropertyValueSpecification","valueRequired":true,"valueName":"search_term_string"}}],"inLanguage":"de-DE"},{"@type":"Organization","@id":"http:\/\/wiseconsultingltd.com\/de\/#organization","name":"WISE","alternateName":"WISE","url":"http:\/\/wiseconsultingltd.com\/de\/","logo":{"@type":"ImageObject","inLanguage":"de-DE","@id":"http:\/\/wiseconsultingltd.com\/de\/#\/schema\/logo\/image\/","url":"https:\/\/wiseconsultingltd.com\/wp-content\/uploads\/2024\/05\/wise-organisation-logo.png","contentUrl":"https:\/\/wiseconsultingltd.com\/wp-content\/uploads\/2024\/05\/wise-organisation-logo.png","width":696,"height":696,"caption":"WISE"},"image":{"@id":"http:\/\/wiseconsultingltd.com\/de\/#\/schema\/logo\/image\/"}}]}},"meta_box":{"modules":[{"module-title":"Header","module-type":"two-colums","module-type-two-colums":{"two-colums-column-1":{"two-colums-column-1-video":["93"]},"two-colums-column-2":{"two-colums-column-2-content":"<h1>Top-end\r\nmanagement\r\nconsultancy<\/h1>\r\n<span class=\"text-xl\">German Quality and Reliability<\/span>"},"two-colums-content-center":"1","two-colums-switch-order-mobile":"1","two-colums-module-settings":{"two-colums-background-color":"white","two-colums-remove-padding-group":{"two-colums-remove-padding-top":"1","two-colums-remove-padding-bottom":"1"},"two-colums-has-full-width":"1"}},"module-type-bulletpoints":{"bulletpoints-module-settings":{"bulletpoints-background-color":"white"}},"module-type-box-slider":{"box-slider-box-items":[{"box-slider-item-link-group":{"box-slider-item-link-type":"external"}}],"box-slider-module-settings":{"box-slider-background-color":"white"}}},{"module-title":"Wer wir sind","module-type":"two-colums","module-type-two-colums":{"two-colums-column-1":{"two-colums-column-1-content":"<h2>Wer wir sind<\/h2>"},"two-colums-column-2":{"two-colums-column-2-content":"Wir sind eine hoch professionelle deutsche Unternehmensberatung mit einem ausgepr\u00e4gten internationalen Background."},"two-colums-module-settings":{"two-colums-background-color":"white","two-colums-anchor":"who-we-are","two-colums-show-line":"1","two-colums-remove-padding-group":{"two-colums-remove-padding-bottom":"1"}}},"module-type-bulletpoints":{"bulletpoints-module-settings":{"bulletpoints-background-color":"white"}},"module-type-box-slider":{"box-slider-box-items":[{"box-slider-item-link-group":{"box-slider-item-link-type":"external"}}],"box-slider-module-settings":{"box-slider-background-color":"white"}}},{"module-title":"Partner","module-type":"two-colums","module-type-two-colums":{"two-colums-column-1":{"two-colums-column-1-content":"<h4>Partner<\/h4>"},"two-colums-column-2":{"two-colums-column-2-content":"Unsere Partner haben ihre Erfahrungen in jahrzehntelanger eigener unternehmerischer T\u00e4tigkeit gesammelt. Wir liefern top-end Unternehmensberatung von Unternehmern. Wir kennen die Herausforderungen heute und liefern die L\u00f6sungen f\u00fcr morgen.","two-colums-column-2-enable-read-more":"1","two-colums-column-2-content-read-more":"Our partners have gained their experience in decades of own entrepreneurial activity. We deliver top-end management consulting from entrepreneurs. We know the challenges today and deliver the solutions for tomorrow."},"two-colums-module-settings":{"two-colums-background-color":"white","two-colums-remove-padding-group":{"two-colums-remove-padding-top":"1"}}},"module-type-bulletpoints":{"bulletpoints-module-settings":{"bulletpoints-background-color":"white"}},"module-type-box-slider":{"box-slider-box-items":[{"box-slider-item-link-group":{"box-slider-item-link-type":"external"}}],"box-slider-module-settings":{"box-slider-background-color":"white"}}},{"module-title":"Headquarters","module-type":"two-colums","module-type-two-colums":{"two-colums-column-1":{"two-colums-column-1-content":"<h4>Headquarters<\/h4>"},"two-colums-column-2":{"two-colums-column-2-content":"Unser Headquarter befindet sich in Dubai, VAE, wo wir in dem Dubai Multi Commodity Center (DMCC) registriert sind."},"two-colums-module-settings":{"two-colums-background-color":"white","two-colums-remove-padding-group":{"two-colums-remove-padding-top":"1"}}},"module-type-bulletpoints":{"bulletpoints-module-settings":{"bulletpoints-background-color":"white"}},"module-type-box-slider":{"box-slider-box-items":[{"box-slider-item-link-group":{"box-slider-item-link-type":"external"}}],"box-slider-module-settings":{"box-slider-background-color":"white"}}},{"module-title":"St\u00e4rken","module-type":"two-colums","module-type-two-colums":{"two-colums-column-1":{"two-colums-column-1-content":"<h4>St\u00e4rken<\/h4>"},"two-colums-column-2":{"two-colums-column-2-content":"Unsere St\u00e4rke liegt in der herausragenden Fachkompetenz und unserem tiefen und breiten Kontaktnetzwerk in den Vereinigten Arabischen Emiraten, aber auch in Europa, USA und Asien. Deshalb sind wir in der Lage, unsere Mandanten auf kurzem Wege bei dem Unternehmensaufbau und der Expansion zu helfen und Zug\u00e4nge zu Genehmigungsbeh\u00f6rden und Kapital auf h\u00f6chstem Niveau zu erm\u00f6glichen."},"two-colums-module-settings":{"two-colums-background-color":"white","two-colums-remove-padding-group":{"two-colums-remove-padding-top":"1"}}},"module-type-bulletpoints":{"bulletpoints-module-settings":{"bulletpoints-background-color":"white"}},"module-type-box-slider":{"box-slider-box-items":[{"box-slider-item-link-group":{"box-slider-item-link-type":"external"}}],"box-slider-module-settings":{"box-slider-background-color":"white"}}},{"module-title":"Unser Beratungs\u00adansatz","module-type":"two-colums","module-type-two-colums":{"two-colums-column-1":{"two-colums-column-1-icon":"12","two-colums-column-1-content":"<h3>Unser\r\nBeratungs\u00adansatz<\/h3>"},"two-colums-column-2":{"two-colums-column-2-image":"27","two-colums-column-2-content":"Wir sehen uns als eine Beratungsboutique. Bei uns geht Qualit\u00e4t vor Quantit\u00e4t. Je h\u00f6her die Anforderungen desto eher sind wir der richtige Berater.\r\n\r\nJedes Mandat wird unmittelbar von einem erfahrenen Partner beraten. H\u00f6chste Qualit\u00e4t stellen wir durch unseren Partneransatz und die Hinzuziehung von Top-Kompetenzen aus unserem Partnernetzwerk sicher.\r\n\r\nDar\u00fcber hinaus bieten wir die Beratung aus einer Hand an. Unter unserer F\u00fchrung und in Kooperation mit den Partnern aus unserem Partnernetzwerk werden so fach\u00fcbergreifende Beratungsmandate effizient, kompetent und vertraulich abgewickelt."},"two-colums-module-settings":{"two-colums-background-color":"grey","two-colums-anchor":"our-consulting-approach"}},"module-type-bulletpoints":{"bulletpoints-module-settings":{"bulletpoints-background-color":"white"}},"module-type-box-slider":{"box-slider-box-items":[{"box-slider-item-link-group":{"box-slider-item-link-type":"external"}}],"box-slider-module-settings":{"box-slider-background-color":"white"}}},{"module-title":"Unsere Expertise","module-type":"two-colums","module-type-two-colums":{"two-colums-column-1":{"two-colums-column-1-content":"<h2>Unsere Expertise<\/h2>"},"two-colums-column-2":{"two-colums-column-2-content":"Unsere Expertise liegt in der Strukturierung von Unternehmen, der Umsetzungsberatung sowie der Ansiedlung von Unternehmen. Wir sind in folgenden Gesch\u00e4ftsfeldern aktiv:"},"two-colums-module-settings":{"two-colums-background-color":"white","two-colums-anchor":"our-expertise","two-colums-show-line":"1","two-colums-remove-padding-group":{"two-colums-remove-padding-bottom":"1"}}},"module-type-bulletpoints":{"bulletpoints-module-settings":{"bulletpoints-background-color":"white"}},"module-type-box-slider":{"box-slider-box-items":[{"box-slider-item-link-group":{"box-slider-item-link-type":"external"}}],"box-slider-module-settings":{"box-slider-background-color":"white"}}},{"module-title":"Unsere Expertise","module-type":"bulletpoints","module-type-two-colums":{"two-colums-module-settings":{"two-colums-background-color":"white"}},"module-type-bulletpoints":{"bulletpoints-bulletpoint-items":[{"bulletpoints-item-icon":"17","bulletpoints-item-item-name":"Food & Agriculture"},{"bulletpoints-item-icon":"13","bulletpoints-item-item-name":"Aerospace"},{"bulletpoints-item-icon":"16","bulletpoints-item-item-name":"Energie & Utilities"},{"bulletpoints-item-icon":"21","bulletpoints-item-item-name":"Textil"},{"bulletpoints-item-icon":"22","bulletpoints-item-item-name":"Fahrzeuge, Automotive"},{"bulletpoints-item-icon":"20","bulletpoints-item-item-name":"Medizin, Medizintechnik"},{"bulletpoints-item-icon":"18","bulletpoints-item-item-name":"Gesundheit"},{"bulletpoints-item-icon":"19","bulletpoints-item-item-name":"IT, Media"},{"bulletpoints-item-icon":"15","bulletpoints-item-item-name":"Kryptonisierung, Tokenisierung, NFTs und Metaverse und Exchanges (Strategie- und Marketingberatung)"},{"bulletpoints-item-icon":"41","bulletpoints-item-item-name":"Banking & Finance"}],"bulletpoints-module-settings":{"bulletpoints-background-color":"white","bulletpoints-remove-padding-group":{"bulletpoints-remove-padding-top":"1"}}},"module-type-box-slider":{"box-slider-box-items":[{"box-slider-item-link-group":{"box-slider-item-link-type":"external"}}],"box-slider-module-settings":{"box-slider-background-color":"white"}}},{"module-title":"Zus\u00e4tzliches","module-type":"two-colums","module-type-two-colums":{"two-colums-column-1":{"two-colums-column-1-content":"<h2>Zus\u00e4tzliches<\/h2>"},"two-colums-column-2":{"two-colums-column-2-content":"Dar\u00fcber erhalten unsere Mandanten Zugang \u00fcber unser\u00a0 Partnernetzwerk zu Finanzierungsm\u00f6glichkeiten aller Art, wie etwa:"},"two-colums-module-settings":{"two-colums-background-color":"primary","two-colums-show-line":"1","two-colums-remove-padding-group":{"two-colums-remove-padding-bottom":"1"}}},"module-type-bulletpoints":{"bulletpoints-module-settings":{"bulletpoints-background-color":"white"}},"module-type-box-slider":{"box-slider-box-items":[{"box-slider-item-link-group":{"box-slider-item-link-type":"external"}}],"box-slider-module-settings":{"box-slider-background-color":"white"}}},{"module-title":"Zus\u00e4tzliches","module-type":"bulletpoints","module-type-two-colums":{"two-colums-module-settings":{"two-colums-background-color":"white"}},"module-type-bulletpoints":{"bulletpoints-bulletpoint-items":[{"bulletpoints-item-item-name":"Bankenfinanzierung"},{"bulletpoints-item-item-name":"Sovereign Wealth"},{"bulletpoints-item-item-name":"Family Offices"},{"bulletpoints-item-item-name":"Private Equity"},{"bulletpoints-item-item-name":"Fundstrukturierung und Fundfinanzierung"},{"bulletpoints-item-item-name":"Kapitalmarkt"},{"bulletpoints-item-item-name":"Personalvermittlung"},{"bulletpoints-item-item-name":"Kapitalmarktberatung"},{"bulletpoints-item-item-name":"Internationale Steuerstrukturierung"}],"bulletpoints-hint":"*Inklusive IPO, Bondemission, Emissionszertifikate, Fondsstrukturierung, ICO\/STO","bulletpoints-module-settings":{"bulletpoints-background-color":"primary","bulletpoints-remove-padding-group":{"bulletpoints-remove-padding-top":"1"}}},"module-type-box-slider":{"box-slider-box-items":[{"box-slider-item-link-group":{"box-slider-item-link-type":"external"}}],"box-slider-module-settings":{"box-slider-background-color":"white"}}},{"module-title":"Unsere Vision","module-type":"two-colums","module-type-two-colums":{"two-colums-column-1":{"two-colums-column-1-icon":"11","two-colums-column-1-content":"<h3>Unsere\r\nVision<\/h3>"},"two-colums-column-2":{"two-colums-column-2-content":"Nach unserer Vision schlie\u00dfen sich <strong>hohe Profitabilit\u00e4t und Nachhaltigkeit<\/strong> nicht aus, sondern bilden Glieder einer Kette. In Zukunft wird nur Erfolg haben, wer sich den Themen der Nachhaltigkeit nicht verschlie\u00dft, sondern aktiv daran mitarbeitet. Die M\u00f6glichkeiten bestehen in der Entwicklung neuartiger Produkte und deren Einsatz zum ganz oder teilweisen Ersatz umweltsch\u00e4dlicher Produkte, beispielsweise geht es um die Verwendung von Produkten aus CO2-konsumtiven Prozessen zum gleichwertigem oder qualitativ h\u00f6herwertigen Ersatz f\u00fcr Kunststoffe, zur Verbesserung der Ertr\u00e4ge aus der Land- und Forstwirtschaft, zur Produktion neuer umweltfreundlicher Baumaterialien und zur umweltfreundliche Produktion von blauem Wasserstoff und damit verbundenen neuen Technologien.\r\n\r\nWir sehen uns als ein Glied in der Kette zur Umstellung der Wirtschaft auf Nachhaltigkeit und Verbesserung der Lebensbedingungen. Dabei wollen wir dazu beitragen Wachstum zu erm\u00f6glichen und unsere Mandanten dabei unterst\u00fctzen, ein solides und rentables Gesch\u00e4ft mit Zukunftsperspektive zu entwickeln, das zugleich eine lebensf\u00e4hige Zukunft sicherstellt.\r\n\r\nWir wollen eine aktive Rolle \u00fcbernehmen und sind willens und f\u00e4hig, neue tragf\u00e4hige Gesch\u00e4ftsmodelle zu entwickeln.\r\n\r\nOrganisationen, Unternehmen und Unternehmern wollen wir dabei helfen, sich den dramatisch ver\u00e4ndernden Verh\u00e4ltnissen anzupassen und so langfristig erfolgreich t\u00e4tig zu sein."},"two-colums-module-settings":{"two-colums-background-color":"white","two-colums-anchor":"our-vision","two-colums-remove-padding-group":{"two-colums-remove-padding-bottom":"1"}}},"module-type-bulletpoints":{"bulletpoints-module-settings":{"bulletpoints-background-color":"white"}},"module-type-box-slider":{"box-slider-box-items":[{"box-slider-item-link-group":{"box-slider-item-link-type":"external"}}],"box-slider-module-settings":{"box-slider-background-color":"white"}}},{"module-title":"Unsere Mission","module-type":"two-colums","module-type-two-colums":{"two-colums-column-1":{"two-colums-column-1-content":"<h2>Unsere Mission<\/h2>"},"two-colums-column-2":{"two-colums-column-2-content":"Unsere professionelle Beratung basiert auf dem f\u00fcnfbl\u00e4ttrigen Kleeblatt: Unternehmertum, Exzellenz, Empathie, Nachhaltigkeit und ESG-Konformit\u00e4t.\r\n\r\nDiese f\u00fcnf S\u00e4ulen bilden die Grundlage unserer Arbeit mit Mandanten, Gesch\u00e4ftspartnern und Organisationen und sind der bestimmende Bestandteil unsere gesamten Unternehmenskultur."},"two-colums-module-settings":{"two-colums-background-color":"white","two-colums-anchor":"our-mission","two-colums-show-line":"1","two-colums-remove-padding-group":{"two-colums-remove-padding-bottom":"1"}}},"module-type-bulletpoints":{"bulletpoints-module-settings":{"bulletpoints-background-color":"white"}},"module-type-box-slider":{"box-slider-box-items":[{"box-slider-item-link-group":{"box-slider-item-link-type":"external"}}],"box-slider-module-settings":{"box-slider-background-color":"white"}}},{"module-title":"1\u30fbUNTERNEHMERTUM","module-type":"two-colums","module-type-two-colums":{"two-colums-column-1":{"two-colums-column-1-content":"<h4>1\u30fbUNTERNEHMERTUM<\/h4>"},"two-colums-column-2":{"two-colums-column-2-content":"Wir sind erfahren im Umgang mit unternehmerischen Herausforderungen. Die Rezepte zum Erfolg kennen wir. Wir helfen Unternehmen Risiken \u00fcberschaubar zu halten unkonventionelle Ideen zu entwickeln. Neue Wege zu beschreiten sind wir gewohnt."},"two-colums-module-settings":{"two-colums-background-color":"white","two-colums-remove-padding-group":{"two-colums-remove-padding-top":"1"}}},"module-type-bulletpoints":{"bulletpoints-module-settings":{"bulletpoints-background-color":"white"}},"module-type-box-slider":{"box-slider-box-items":[{"box-slider-item-link-group":{"box-slider-item-link-type":"external"}}],"box-slider-module-settings":{"box-slider-background-color":"white"}}},{"module-title":"2\u30fbEXZELLENZ","module-type":"two-colums","module-type-two-colums":{"two-colums-column-1":{"two-colums-column-1-content":"<h4>2\u30fbEXZELLENZ<\/h4>"},"two-colums-column-2":{"two-colums-column-2-content":"Wir entwickeln top-end Ergebnisse durch Exzellenz. Ziel ist es langfristigen Erfolg selbst unter widrigen Umst\u00e4nden zu gew\u00e4hrleisten. Unsere F\u00e4higkeiten entwickeln wir laufend zugunsten unserer Mandanten weiter und setzen uns mit Hingabe unerm\u00fcdlich f\u00fcr unsere Mandanten ein."},"two-colums-module-settings":{"two-colums-background-color":"white","two-colums-remove-padding-group":{"two-colums-remove-padding-top":"1"}}},"module-type-bulletpoints":{"bulletpoints-module-settings":{"bulletpoints-background-color":"white"}},"module-type-box-slider":{"box-slider-box-items":[{"box-slider-item-link-group":{"box-slider-item-link-type":"external"}}],"box-slider-module-settings":{"box-slider-background-color":"white"}}},{"module-title":"3\u30fbEINF\u00dcHLUNGSVERM\u00d6GEN","module-type":"two-colums","module-type-two-colums":{"two-colums-column-1":{"two-colums-column-1-content":"<h4>3\u30fbEINF\u00dcHLUNGS&shy;VERM\u00d6GEN<\/h4>"},"two-colums-column-2":{"two-colums-column-2-content":"Bei unserer Beratung denken uns in die Lage Ihres Unternehmens, die verfolgten Ziele und das Marktumfeld umfassend hinein und entwickeln auf Basis unseres Erfahrungswissens die f\u00fcr Ihr Unternehmen optimalen Strategien und Konzepte. Dabei verstehen wir uns als Partner mit dem Ansatz der Beratung auf Augenh\u00f6he. Stets entwickeln wir ma\u00dfgeschneiderte Ans\u00e4tze und setzen diese professionell um."},"two-colums-module-settings":{"two-colums-background-color":"white","two-colums-remove-padding-group":{"two-colums-remove-padding-top":"1"}}},"module-type-bulletpoints":{"bulletpoints-module-settings":{"bulletpoints-background-color":"white"}},"module-type-box-slider":{"box-slider-box-items":[{"box-slider-item-link-group":{"box-slider-item-link-type":"external"}}],"box-slider-module-settings":{"box-slider-background-color":"white"}}},{"module-title":"4\u30fbNACHHALTIGKEIT","module-type":"two-colums","module-type-two-colums":{"two-colums-column-1":{"two-colums-column-1-content":"<h4>4\u30fbNACHHALTIGKEIT<\/h4>"},"two-colums-column-2":{"two-colums-column-2-content":"L\u00e4ngst zeigt der Klimawandel sein Gesicht. Zunehmende Naturkatastrophen sind erkennbare Folge eines schonungslosen Umgangs mit der Umwelt. Die Folgen sind im Einzelnen noch nicht absehbar. Aber, bereits bef\u00fcrchten L\u00e4nder und V\u00f6lker infolge der Erderw\u00e4rmung infolge steigender Meeresspiegel unterzugehen. Deshalb ist es richtig und wichtig den Kampf gegen kohlenstoffbasierte Energie aufzunehmen. Hierzu wollen wir beitragen, indem wir unseren Mandanten unabh\u00e4ngig von Wirtschaftsbereich und f\u00fcr alle Gesch\u00e4ftszweig die M\u00f6glichkeiten einer Teilhabe ohne Reue aufzuzeigen und bei dem \u00dcbergang zu einem nachhaltigen Wachstum zu helfen."},"two-colums-module-settings":{"two-colums-background-color":"white","two-colums-remove-padding-group":{"two-colums-remove-padding-top":"1"}}},"module-type-bulletpoints":{"bulletpoints-module-settings":{"bulletpoints-background-color":"white"}},"module-type-box-slider":{"box-slider-box-items":[{"box-slider-item-link-group":{"box-slider-item-link-type":"external"}}],"box-slider-module-settings":{"box-slider-background-color":"white"}}},{"module-title":"5\u30fbESG ANSATZ","module-type":"two-colums","module-type-two-colums":{"two-colums-column-1":{"two-colums-column-1-content":"<h4>5\u30fbESG ANSATZ<\/h4>"},"two-colums-column-2":{"two-colums-column-2-content":"Wir verfolgen einen klaren ESG (Environment, Social and Governance)-Ansatz. F\u00fcr uns stehen im Vordergrund Klimaschutz und Nachhaltigkeit, Gender Neutrality, Transparenz und Compliance und ein faires Verhalten gegen\u00fcber unseren Mitarbeitern und Kunden. Eine verantwortungsvolle Gesch\u00e4ftspraxis ist f\u00fcr uns selbstverst\u00e4ndlich."},"two-colums-module-settings":{"two-colums-background-color":"white","two-colums-remove-padding-group":{"two-colums-remove-padding-top":"1"}}},"module-type-bulletpoints":{"bulletpoints-module-settings":{"bulletpoints-background-color":"white"}},"module-type-box-slider":{"box-slider-box-items":[{"box-slider-item-link-group":{"box-slider-item-link-type":"external"}}],"box-slider-module-settings":{"box-slider-background-color":"white"}}},{"module-title":"Unser Partnernetzwerk","module-type":"box-slider","module-type-two-colums":{"two-colums-module-settings":{"two-colums-background-color":"white"}},"module-type-bulletpoints":{"bulletpoints-module-settings":{"bulletpoints-background-color":"white"}},"module-type-box-slider":{"box-slider-content-group":{"box-slider-content":"<h3 style=\"text-align: center;\">Unsere Partner<\/h3>"},"box-slider-box-items":[{"box-slider-item-icon":"87","box-slider-item-title":"HPL Group","box-slider-item-content":"HPL Plewka &amp; Coll. LLP \/ HPL Network","box-slider-item-link-group":{"box-slider-item-link-type":"external","box-slider-item-link-external":"https:\/\/www.hplaw.com\/content\/","box-slider-item-new-tab":"1"}},{"box-slider-item-icon":"89","box-slider-item-title":"CEG Invest","box-slider-item-content":"CEG Invest","box-slider-item-link-group":{"box-slider-item-link-type":"external","box-slider-item-link-external":"https:\/\/ceg-invest.com\/","box-slider-item-new-tab":"1"}}],"box-slider-module-settings":{"box-slider-background-color":"grey"}}}]},"_links":{"self":[{"href":"http:\/\/wiseconsultingltd.com\/de\/wp-json\/wp\/v2\/pages\/79","targetHints":{"allow":["GET"]}}],"collection":[{"href":"http:\/\/wiseconsultingltd.com\/de\/wp-json\/wp\/v2\/pages"}],"about":[{"href":"http:\/\/wiseconsultingltd.com\/de\/wp-json\/wp\/v2\/types\/page"}],"author":[{"embeddable":true,"href":"http:\/\/wiseconsultingltd.com\/de\/wp-json\/wp\/v2\/users\/1"}],"replies":[{"embeddable":true,"href":"http:\/\/wiseconsultingltd.com\/de\/wp-json\/wp\/v2\/comments?post=79"}],"version-history":[{"count":2,"href":"http:\/\/wiseconsultingltd.com\/de\/wp-json\/wp\/v2\/pages\/79\/revisions"}],"predecessor-version":[{"id":95,"href":"http:\/\/wiseconsultingltd.com\/de\/wp-json\/wp\/v2\/pages\/79\/revisions\/95"}],"wp:attachment":[{"href":"http:\/\/wiseconsultingltd.com\/de\/wp-json\/wp\/v2\/media?parent=79"}],"curies":[{"name":"wp","href":"https:\/\/api.w.org\/{rel}","templated":true}]}}